{"id":1013,"date":"2025-09-23T16:41:23","date_gmt":"2025-09-23T16:41:23","guid":{"rendered":"https:\/\/quirky-volhard.212-227-187-134.plesk.page\/?post_type=product&#038;p=1013"},"modified":"2025-11-26T20:19:08","modified_gmt":"2025-11-26T20:19:08","slug":"semifreddo","status":"publish","type":"product","link":"https:\/\/quirky-volhard.212-227-187-134.plesk.page\/?product=semifreddo","title":{"rendered":"Semifreddo"},"content":{"rendered":"<p>Il semifreddo \u00e8 il dessert ideale per chi cerca un&#8217;esperienza di gusto che unisce la cremosit\u00e0 di una mousse alla freschezza di un gelato. Non \u00e8 solo un dolce, ma una carezza vellutata al palato, un capolavoro di leggerezza e gusto.<\/p>\n<p>Preparato con ingredienti freschissimi e di alta qualit\u00e0, ogni fetta si scioglie delicatamente in bocca, lasciando un sapore persistente e avvolgente. \u00c8 il finale perfetto per un pasto, un piacere rinfrescante che ti far\u00e0 innamorare a ogni cucchiaino.<\/p>\n","protected":false},"excerpt":{"rendered":"<p>Panna, Zabaione, cioccolato, pan di Spagna<\/p>\n","protected":false},"featured_media":1040,"comment_status":"open","ping_status":"closed","template":"","meta":{"_bst_post_transparent":"default","_bst_post_title":"","_bst_post_layout":"default","_bst_post_sidebar_id":"","_bst_post_content_style":"default","_bst_post_vertical_padding":"default","_bst_post_feature":"","_bst_post_feature_position":"","_bst_post_header":false,"_bst_post_footer":false},"product_brand":[],"product_cat":[98],"product_tag":[91],"product_brands":[],"class_list":{"0":"post-1013","1":"product","2":"type-product","3":"status-publish","4":"has-post-thumbnail","6":"product_cat-semifreddi","7":"product_tag-semifreddo","9":"first","10":"instock","11":"taxable","12":"shipping-taxable","13":"purchasable","14":"product-type-simple","15":"entry","16":"content-bg","17":"loop-entry"},"aioseo_notices":[],"jetpack_sharing_enabled":true,"_links":{"self":[{"href":"https:\/\/quirky-volhard.212-227-187-134.plesk.page\/index.php?rest_route=\/wp\/v2\/product\/1013","targetHints":{"allow":["GET"]}}],"collection":[{"href":"https:\/\/quirky-volhard.212-227-187-134.plesk.page\/index.php?rest_route=\/wp\/v2\/product"}],"about":[{"href":"https:\/\/quirky-volhard.212-227-187-134.plesk.page\/index.php?rest_route=\/wp\/v2\/types\/product"}],"replies":[{"embeddable":true,"href":"https:\/\/quirky-volhard.212-227-187-134.plesk.page\/index.php?rest_route=%2Fwp%2Fv2%2Fcomments&post=1013"}],"wp:featuredmedia":[{"embeddable":true,"href":"https:\/\/quirky-volhard.212-227-187-134.plesk.page\/index.php?rest_route=\/wp\/v2\/media\/1040"}],"wp:attachment":[{"href":"https:\/\/quirky-volhard.212-227-187-134.plesk.page\/index.php?rest_route=%2Fwp%2Fv2%2Fmedia&parent=1013"}],"wp:term":[{"taxonomy":"product_brand","embeddable":true,"href":"https:\/\/quirky-volhard.212-227-187-134.plesk.page\/index.php?rest_route=%2Fwp%2Fv2%2Fproduct_brand&post=1013"},{"taxonomy":"product_cat","embeddable":true,"href":"https:\/\/quirky-volhard.212-227-187-134.plesk.page\/index.php?rest_route=%2Fwp%2Fv2%2Fproduct_cat&post=1013"},{"taxonomy":"product_tag","embeddable":true,"href":"https:\/\/quirky-volhard.212-227-187-134.plesk.page\/index.php?rest_route=%2Fwp%2Fv2%2Fproduct_tag&post=1013"},{"taxonomy":"product_brands","embeddable":true,"href":"https:\/\/quirky-volhard.212-227-187-134.plesk.page\/index.php?rest_route=%2Fwp%2Fv2%2Fproduct_brands&post=1013"}],"curies":[{"name":"wp","href":"https:\/\/api.w.org\/{rel}","templated":true}]}}